{"id":1559,"date":"2020-02-13T16:27:38","date_gmt":"2020-03-16T18:05:46","guid":{"rendered":"http:\/\/www.institut-o.com\/izdelek\/megahydrate-fhes-50-g-u-prahu\/"},"modified":"2025-03-27T11:38:59","modified_gmt":"2025-03-27T11:38:59","slug":"antioksidant-megahydrate-fhes-50-g-u-prahu","status":"publish","type":"product","link":"https:\/\/www.institut-o.com\/hr\/proizvod\/antioksidant-megahydrate-fhes-50-g-u-prahu\/","title":{"rendered":"Antioksidant MegaHydrate (FHES) &#8211; 50 g u prahu"},"content":{"rendered":"<h2>\u0160to je MegaHydrate?<\/h2>\n<p>MegaHydrate mineralni je pra\u0161ak koji reproducira pitku vodu himalajskog naroda Hunza. Sadr\u017ei jako male minerale (koloide). Zbog njih MegaHydrate ima ni\u017eu povr\u0161insku napetost od obi\u010dne vode. Osim toga, u koloidima pohranjen je zaista velik broj vodikovih negativnih iona (H-), koji se u doticaju s vodom osloba\u0111aju u nju. To vodi daje antioksidacijske sposobnosti.<\/p>\n<h3>Sastojci &#8211; pakovanje u kapsulah<\/h3>\n<table>\n<tbody>\n<tr>\n<td class=\"grey\">Hranjiva vrijednost:<\/td>\n<td>0 kcal (0 kJ)<\/td>\n<\/tr>\n<tr>\n<td class=\"grey\" colspan=\"2\">Sastav dodatka MegaHydrate \u2013 1 dnevna doza sadr\u017ei:<\/td>\n<\/tr>\n<tr>\n<td>Kalij<\/td>\n<td>425 mg \/ 13% PDU<\/td>\n<\/tr>\n<tr>\n<td>Natrij<\/td>\n<td>2 mg \/ 2% PDU<\/td>\n<\/tr>\n<tr>\n<td>Magnezij<\/td>\n<td>1 mg \/ &lt;1% PDU<\/td>\n<\/tr>\n<tr>\n<td class=\"grey\" colspan=\"2\">Drugi sastojci:<\/td>\n<\/tr>\n<tr>\n<td colspan=\"2\">Kalijev citrat, askorbinska kiselina, limunska kiselina, oleinska kiselina, silicij, bor, biljna kapsula.<\/td>\n<\/tr>\n<\/tbody>\n<\/table>\n<p>Plasti\u010dna boca sadr\u017ei 60 kapsula.<\/p>\n<h3>Sastojci &#8211; pakovanje u prahu<\/h3>\n<table>\n<tbody>\n<tr>\n<td class=\"grey\">Hranjiva vrijednost:<\/td>\n<td>0 kcal (0 kJ)<\/td>\n<\/tr>\n<tr>\n<td class=\"grey\" colspan=\"2\">Sastojci MegaHydrate \u2013 1 dnevna doza:<\/td>\n<\/tr>\n<tr>\n<td>Kalij<\/td>\n<td>234 mg \/ 11% PDU<\/td>\n<\/tr>\n<tr>\n<td>Natrij<\/td>\n<td>27 mg \/ 1% PDU<\/td>\n<\/tr>\n<tr>\n<td>Magnezij<\/td>\n<td>0,58 mg \/ 1% PDU<\/td>\n<\/tr>\n<tr>\n<td colspan=\"2\">Drugi sastojci:<\/td>\n<\/tr>\n<tr>\n<td colspan=\"2\">Askorbinska kiselina, citronska kiselina, silicij, bor.<\/td>\n<\/tr>\n<\/tbody>\n<\/table>\n<p>Plasti\u010dna boca sadr\u017ei 50 g pra\u0161ka i mjernu \u017eli\u010dicu. Dvije poravnate mjerne \u017eli\u010dice predstavljaju jednu dnevnu dozu (500 mg). Popijte u 0,5 &#8211; 1 lit vode.<\/p>\n<p>Neto sadr\u017eaj: 50 g<\/p>\n<p>Preporu\u010dena uporaba<\/p>\n<p>Preporu\u010duje se uzimanje 2 kapsule ili 2 mjerne \u017elice pra\u0161ka dnevno. Ako ste oslabjeli, po\u010dnite s manjom dnevnom dozom kako biste sprije\u010dili mogu\u0107e po\u010detne probleme zbog u\u010dinka detoksikacije (po\u010detne glavobolje, mu\u010dnine i lo\u0161e osje\u0107anje&#8230;), a kasnije je mo\u017eete pove\u0107avati. Bolesnici odnosno osobe koje uzimaju lijekove, moraju se prije uporabe dodatka MegaHydrate\u2122 (kao kod svakog prehrambenog dodatka) savjetovati s lije\u010dnikom.<\/p>\n<p>Ne prema\u0161ujte dnevno preporu\u010dene koli\u010dine.<\/p>\n<p>MegaHydrate je prehrambeni dodatak i nije zamjena za zdravu, uravnote\u017eenu prehranu<\/p>\n<p>Kontrola kvalitete: <strong>dr. Iztok Ostan<\/strong><\/p>\n<p>Proizvedeno u SAD-u.<\/p>\n<p>Uvoznik: Institut.O d. o. o., Koper, Slovenija<\/p>\n","protected":false},"excerpt":{"rendered":"<p><strong>Prehranska je dopuna<\/strong><br \/>\n<strong>Neto sadr\u017eaj:<\/strong> 50g (v prahu)<\/p>\n<p><strong>+ Knji\u017eica dr. Ostana <span style=\"color: #ed1c24;\">GRATIS<\/span><\/strong><br \/>\n<strong>Voda Hunza i njezina rekreacija<br \/>\ns FHES mineralnim prahom<\/strong><\/p>\n<table style=\"height: 84px; width: 100%; border-collapse: collapse; background-color: #fff;\">\n<tbody>\n<tr style=\"height: 21px;\">\n<td style=\"width: 50%; height: 21px; border-color: #f4f4f4; border-style: solid;\"><span style=\"color: #333333;\"><strong>Literatura<\/strong><\/span><\/td>\n<td style=\"width: 50%; height: 21px; border-color: #f4f4f4; border-style: solid;\"><span style=\"color: #333333;\"><strong>Prijevod na engleski<\/strong><\/span><\/td>\n<\/tr>\n<tr style=\"height: 42px;\">\n<td style=\"width: 50%; height: 42px; border-color: #f4f4f4; border-style: solid;\"><a href=\"https:\/\/www.institut-o.com\/wp-content\/uploads\/2020\/05\/HR_brosura_Hunza_voda_2016.pdf\" target=\"_blank\" rel=\"noopener noreferrer\">Bro\u0161ura: Hunza voda i njezina reprodukcija s mineralnim pra\u0161kom FHES (I. Ostan)<\/a><\/td>\n<td style=\"width: 50%; height: 42px; border-color: #f4f4f4; border-style: solid;\"><a href=\"https:\/\/www.institut-o.com\/wp-content\/uploads\/2020\/02\/Brosura-Hunza-voda-ENG.pdf\" target=\"_blank\" rel=\"noopener noreferrer\">Brochure: Hunza water (I. Ostan)<\/a><\/td>\n<\/tr>\n<tr style=\"height: 21px;\">\n<td style=\"width: 50%; height: 21px; border-color: #f4f4f4; border-style: solid;\"><a href=\"https:\/\/www.institut-o.com\/wp-content\/uploads\/2020\/03\/HR_Prehrambena_prva_pomoc.pdf\" target=\"_blank\" rel=\"noopener noreferrer\">Prehrambena prva pomo\u0107<\/a><\/td>\n<td style=\"width: 50%; height: 21px; border-color: #f4f4f4; border-style: solid;\"><a href=\"https:\/\/www.institut-o.com\/wp-content\/uploads\/2020\/02\/Nutritional-first-aid.pdf\" target=\"_blank\" rel=\"noopener noreferrer\">Nutrition first aid<\/a><\/td>\n<\/tr>\n<\/tbody>\n<\/table>\n","protected":false},"featured_media":8581,"template":"","meta":[],"product_cat":[93,90],"product_tag":[],"tiered_pricing_type":"fixed","tiered_pricing_fixed_rules":[],"yoast_head":"<!-- This site is optimized with the Yoast SEO plugin v20.3 - https:\/\/yoast.com\/wordpress\/plugins\/seo\/ -->\n<title>Institut.O - Antioksidant MegaHydrate (FHES) - 50 g u prahu<\/title>\n<meta name=\"robots\" content=\"index, follow, max-snippet:-1, max-image-preview:large, max-video-preview:-1\" \/>\n<link rel=\"canonical\" href=\"https:\/\/www.institut-o.com\/hr\/proizvod\/antioksidant-megahydrate-fhes-50-g-u-prahu\/\" \/>\n<meta property=\"og:locale\" content=\"hr_HR\" \/>\n<meta property=\"og:type\" content=\"article\" \/>\n<meta property=\"og:title\" content=\"Institut.O - Antioksidant MegaHydrate (FHES) - 50 g u prahu\" \/>\n<meta property=\"og:description\" content=\"Prehranska je dopuna Neto sadr\u017eaj: 50g (v prahu)  + Knji\u017eica dr. Ostana GRATIS Voda Hunza i njezina rekreacija s FHES mineralnim prahom    Literatura Prijevod na engleski   Bro\u0161ura: Hunza voda i njezina reprodukcija s mineralnim pra\u0161kom FHES (I. Ostan) Brochure: Hunza water (I. Ostan)   Prehrambena prva pomo\u0107 Nutrition first aid\" \/>\n<meta property=\"og:url\" content=\"https:\/\/www.institut-o.com\/hr\/proizvod\/antioksidant-megahydrate-fhes-50-g-u-prahu\/\" \/>\n<meta property=\"og:site_name\" content=\"Institut.O\" \/>\n<meta property=\"article:publisher\" content=\"https:\/\/www.facebook.com\/Institut.O.Slovenija\/\" \/>\n<meta property=\"article:modified_time\" content=\"2025-03-27T11:38:59+00:00\" \/>\n<meta property=\"og:image\" content=\"https:\/\/www.institut-o.com\/wp-content\/uploads\/2020\/02\/MegaHydrate-prah-50-g-2025.jpg\" \/>\n\t<meta property=\"og:image:width\" content=\"1535\" \/>\n\t<meta property=\"og:image:height\" content=\"1535\" \/>\n\t<meta property=\"og:image:type\" content=\"image\/jpeg\" \/>\n<meta name=\"twitter:card\" content=\"summary_large_image\" \/>\n<meta name=\"twitter:label1\" content=\"Procijenjeno vrijeme \u010ditanja\" \/>\n\t<meta name=\"twitter:data1\" content=\"2 minute\" \/>\n<script type=\"application\/ld+json\" class=\"yoast-schema-graph\">{\"@context\":\"https:\/\/schema.org\",\"@graph\":[{\"@type\":\"WebPage\",\"@id\":\"https:\/\/www.institut-o.com\/hr\/proizvod\/antioksidant-megahydrate-fhes-50-g-u-prahu\/\",\"url\":\"https:\/\/www.institut-o.com\/hr\/proizvod\/antioksidant-megahydrate-fhes-50-g-u-prahu\/\",\"name\":\"Institut.O - Antioksidant MegaHydrate (FHES) - 50 g u prahu\",\"isPartOf\":{\"@id\":\"https:\/\/www.institut-o.com\/#website\"},\"datePublished\":\"2020-03-16T18:05:46+00:00\",\"dateModified\":\"2025-03-27T11:38:59+00:00\",\"breadcrumb\":{\"@id\":\"https:\/\/www.institut-o.com\/hr\/proizvod\/antioksidant-megahydrate-fhes-50-g-u-prahu\/#breadcrumb\"},\"inLanguage\":\"hr\",\"potentialAction\":[{\"@type\":\"ReadAction\",\"target\":[\"https:\/\/www.institut-o.com\/hr\/proizvod\/antioksidant-megahydrate-fhes-50-g-u-prahu\/\"]}]},{\"@type\":\"BreadcrumbList\",\"@id\":\"https:\/\/www.institut-o.com\/hr\/proizvod\/antioksidant-megahydrate-fhes-50-g-u-prahu\/#breadcrumb\",\"itemListElement\":[{\"@type\":\"ListItem\",\"position\":1,\"name\":\"Home\",\"item\":\"https:\/\/www.institut-o.com\/hr\/\"},{\"@type\":\"ListItem\",\"position\":2,\"name\":\"Shop\",\"item\":\"https:\/\/www.institut-o.com\/hr\/shop\/\"},{\"@type\":\"ListItem\",\"position\":3,\"name\":\"Antioksidant MegaHydrate (FHES) &#8211; 50 g u prahu\"}]},{\"@type\":\"WebSite\",\"@id\":\"https:\/\/www.institut-o.com\/#website\",\"url\":\"https:\/\/www.institut-o.com\/\",\"name\":\"Institut.O\",\"description\":\"Institut.O - prehranski dodatki in znanje s podro\u010dja krepitve \u017eivljenjske mo\u010di. Posebnost Instituta.O je, da ponuja samo izdelke in storitve, katerih kakovost je strokovno preverjena\",\"publisher\":{\"@id\":\"https:\/\/www.institut-o.com\/#organization\"},\"potentialAction\":[{\"@type\":\"SearchAction\",\"target\":{\"@type\":\"EntryPoint\",\"urlTemplate\":\"https:\/\/www.institut-o.com\/?s={search_term_string}\"},\"query-input\":\"required name=search_term_string\"}],\"inLanguage\":\"hr\"},{\"@type\":\"Organization\",\"@id\":\"https:\/\/www.institut-o.com\/#organization\",\"name\":\"Institut.O d.o.o.\",\"url\":\"https:\/\/www.institut-o.com\/\",\"logo\":{\"@type\":\"ImageObject\",\"inLanguage\":\"hr\",\"@id\":\"https:\/\/www.institut-o.com\/#\/schema\/logo\/image\/\",\"url\":\"https:\/\/www.institut-o.com\/wp-content\/uploads\/2020\/01\/logo.gif\",\"contentUrl\":\"https:\/\/www.institut-o.com\/wp-content\/uploads\/2020\/01\/logo.gif\",\"width\":226,\"height\":65,\"caption\":\"Institut.O d.o.o.\"},\"image\":{\"@id\":\"https:\/\/www.institut-o.com\/#\/schema\/logo\/image\/\"},\"sameAs\":[\"https:\/\/www.facebook.com\/Institut.O.Slovenija\/\",\"https:\/\/www.instagram.com\/institut.o\/\"]}]}<\/script>\n<!-- \/ Yoast SEO plugin. -->","yoast_head_json":{"title":"Institut.O - Antioksidant MegaHydrate (FHES) - 50 g u prahu","robots":{"index":"index","follow":"follow","max-snippet":"max-snippet:-1","max-image-preview":"max-image-preview:large","max-video-preview":"max-video-preview:-1"},"canonical":"https:\/\/www.institut-o.com\/hr\/proizvod\/antioksidant-megahydrate-fhes-50-g-u-prahu\/","og_locale":"hr_HR","og_type":"article","og_title":"Institut.O - Antioksidant MegaHydrate (FHES) - 50 g u prahu","og_description":"Prehranska je dopuna Neto sadr\u017eaj: 50g (v prahu)  + Knji\u017eica dr. Ostana GRATIS Voda Hunza i njezina rekreacija s FHES mineralnim prahom    Literatura Prijevod na engleski   Bro\u0161ura: Hunza voda i njezina reprodukcija s mineralnim pra\u0161kom FHES (I. Ostan) Brochure: Hunza water (I. Ostan)   Prehrambena prva pomo\u0107 Nutrition first aid","og_url":"https:\/\/www.institut-o.com\/hr\/proizvod\/antioksidant-megahydrate-fhes-50-g-u-prahu\/","og_site_name":"Institut.O","article_publisher":"https:\/\/www.facebook.com\/Institut.O.Slovenija\/","article_modified_time":"2025-03-27T11:38:59+00:00","og_image":[{"width":1535,"height":1535,"url":"https:\/\/www.institut-o.com\/wp-content\/uploads\/2020\/02\/MegaHydrate-prah-50-g-2025.jpg","type":"image\/jpeg"}],"twitter_card":"summary_large_image","twitter_misc":{"Procijenjeno vrijeme \u010ditanja":"2 minute"},"schema":{"@context":"https:\/\/schema.org","@graph":[{"@type":"WebPage","@id":"https:\/\/www.institut-o.com\/hr\/proizvod\/antioksidant-megahydrate-fhes-50-g-u-prahu\/","url":"https:\/\/www.institut-o.com\/hr\/proizvod\/antioksidant-megahydrate-fhes-50-g-u-prahu\/","name":"Institut.O - Antioksidant MegaHydrate (FHES) - 50 g u prahu","isPartOf":{"@id":"https:\/\/www.institut-o.com\/#website"},"datePublished":"2020-03-16T18:05:46+00:00","dateModified":"2025-03-27T11:38:59+00:00","breadcrumb":{"@id":"https:\/\/www.institut-o.com\/hr\/proizvod\/antioksidant-megahydrate-fhes-50-g-u-prahu\/#breadcrumb"},"inLanguage":"hr","potentialAction":[{"@type":"ReadAction","target":["https:\/\/www.institut-o.com\/hr\/proizvod\/antioksidant-megahydrate-fhes-50-g-u-prahu\/"]}]},{"@type":"BreadcrumbList","@id":"https:\/\/www.institut-o.com\/hr\/proizvod\/antioksidant-megahydrate-fhes-50-g-u-prahu\/#breadcrumb","itemListElement":[{"@type":"ListItem","position":1,"name":"Home","item":"https:\/\/www.institut-o.com\/hr\/"},{"@type":"ListItem","position":2,"name":"Shop","item":"https:\/\/www.institut-o.com\/hr\/shop\/"},{"@type":"ListItem","position":3,"name":"Antioksidant MegaHydrate (FHES) &#8211; 50 g u prahu"}]},{"@type":"WebSite","@id":"https:\/\/www.institut-o.com\/#website","url":"https:\/\/www.institut-o.com\/","name":"Institut.O","description":"Institut.O - prehranski dodatki in znanje s podro\u010dja krepitve \u017eivljenjske mo\u010di. Posebnost Instituta.O je, da ponuja samo izdelke in storitve, katerih kakovost je strokovno preverjena","publisher":{"@id":"https:\/\/www.institut-o.com\/#organization"},"potentialAction":[{"@type":"SearchAction","target":{"@type":"EntryPoint","urlTemplate":"https:\/\/www.institut-o.com\/?s={search_term_string}"},"query-input":"required name=search_term_string"}],"inLanguage":"hr"},{"@type":"Organization","@id":"https:\/\/www.institut-o.com\/#organization","name":"Institut.O d.o.o.","url":"https:\/\/www.institut-o.com\/","logo":{"@type":"ImageObject","inLanguage":"hr","@id":"https:\/\/www.institut-o.com\/#\/schema\/logo\/image\/","url":"https:\/\/www.institut-o.com\/wp-content\/uploads\/2020\/01\/logo.gif","contentUrl":"https:\/\/www.institut-o.com\/wp-content\/uploads\/2020\/01\/logo.gif","width":226,"height":65,"caption":"Institut.O d.o.o."},"image":{"@id":"https:\/\/www.institut-o.com\/#\/schema\/logo\/image\/"},"sameAs":["https:\/\/www.facebook.com\/Institut.O.Slovenija\/","https:\/\/www.instagram.com\/institut.o\/"]}]}},"_links":{"self":[{"href":"https:\/\/www.institut-o.com\/hr\/wp-json\/wp\/v2\/product\/1559"}],"collection":[{"href":"https:\/\/www.institut-o.com\/hr\/wp-json\/wp\/v2\/product"}],"about":[{"href":"https:\/\/www.institut-o.com\/hr\/wp-json\/wp\/v2\/types\/product"}],"wp:featuredmedia":[{"embeddable":true,"href":"https:\/\/www.institut-o.com\/hr\/wp-json\/wp\/v2\/media\/8581"}],"wp:attachment":[{"href":"https:\/\/www.institut-o.com\/hr\/wp-json\/wp\/v2\/media?parent=1559"}],"wp:term":[{"taxonomy":"product_cat","embeddable":true,"href":"https:\/\/www.institut-o.com\/hr\/wp-json\/wp\/v2\/product_cat?post=1559"},{"taxonomy":"product_tag","embeddable":true,"href":"https:\/\/www.institut-o.com\/hr\/wp-json\/wp\/v2\/product_tag?post=1559"}],"curies":[{"name":"wp","href":"https:\/\/api.w.org\/{rel}","templated":true}]}}