{"id":1466,"date":"2020-02-07T12:20:21","date_gmt":"2020-02-07T12:20:21","guid":{"rendered":"http:\/\/www.institut-o.com\/izdelek\/knjiga-prijateljem-najboljse-sistem-prehranske-prve-pomoci-dr-ostan\/"},"modified":"2021-04-14T14:50:27","modified_gmt":"2021-04-14T14:50:27","slug":"knjiga-prijateljem-najboljse-sistem-prehranske-prve-pomoci-dr-ostan","status":"publish","type":"product","link":"https:\/\/www.institut-o.com\/hr\/proizvod\/knjiga-prijateljem-najboljse-sistem-prehranske-prve-pomoci-dr-ostan\/","title":{"rendered":"Knjiga &#8220;Prijateljem najbolj\u0161e!&#8221; &#8211; Sistem prehranske prve pomo\u010di (dr. Ostan)"},"content":{"rendered":"<p>Knji\u017eica \u00bbPrijateljem najbolj\u0161e!\u00ab predstavlja izbor najbolj u\u010dinkovitih sredstev iz avtorjevega sistema prehranske prve pomo\u010di za starej\u0161e in o\u0161ibele. Ko smo iz\u010drpani zaradi prebolene bolezni ali drugih naporov, ali pa smo o\u0161ibeli zaradi nabranih let \u017eivljenja, ne moremo ve\u010d u\u010dinkovito presnoviti obi\u010dajne hrane. Takrat potrebujemo izvle\u010dke iz \u017eivil, ki so bogati s hranili in obenem lahko presnovljivi. Ko se z njimi okrepimo, se zmoremo la\u017ee prehraniti tudi z obi\u010dajnimi \u017eivili.<\/p>\n<p>Avtor v prvem delu knjige predstavlja svojo pot ozdravitve in okrepitve z izbranimi zelo hranljivimi \u017eivili, katerih prehranska u\u010dinkovitost je tudi znanstveno dokazana. Ko je kdo od na\u0161i dragih hudo iz\u010drpan, mu obi\u010dajno posku\u0161amo pomagati s sredstvi, ki so bogata z vitamini, rudninami in esencialnimi ma\u0161\u010dobnimi kislinami. To je prav, toda te snovi sestavljajo le manj\u0161i del na\u0161ih celic oz organizma. Novost, ki jo prina\u0161a knji\u017eica je prehranjevanje za makro-sestavine organizma. \u010ce ho\u010demo svoj organizem u\u010dinkovito regenerirati, meni avtor, moramo poskrbeti predvsem za optimizacijo beljakovinske prehrane, za kakovost (\u017eivost) vode v na\u0161em organizmu in za u\u010dinkovito okrepitev dobre \u010drevesne flore. V sklepnem delu je predstavljen trimese\u010dni program okrepitve z izbranimi \u017eivili, ki so po avtorjevem v\u00e9denju najbolj\u0161a med podobnimi. Najbolj\u0161e pa je tisto, kar bi svojim bli\u017enjim radi priskrbeli, ko so v stiski zaradi iz\u010drpanosti.<\/p>\n","protected":false},"excerpt":{"rendered":"<p><strong>Avtor: <\/strong>dr Iztok Ostan<\/p>\n<p>Knji\u017eica \u00bbPrijateljem najbolj\u0161e!\u00ab predstavlja izbor najbolj u\u010dinkovitih sredstev iz avtorjevega sistema prehranske prve pomo\u010di za starej\u0161e in o\u0161ibele.<\/p>\n","protected":false},"featured_media":4164,"template":"","meta":[],"product_cat":[89],"product_tag":[],"tiered_pricing_type":"fixed","tiered_pricing_fixed_rules":[],"yoast_head":"<!-- This site is optimized with the Yoast SEO plugin v20.3 - https:\/\/yoast.com\/wordpress\/plugins\/seo\/ -->\n<title>Institut.O - Knjiga &quot;Prijateljem najbolj\u0161e!&quot; - Sistem prehranske prve pomo\u010di (dr. Ostan)<\/title>\n<meta name=\"robots\" content=\"index, follow, max-snippet:-1, max-image-preview:large, max-video-preview:-1\" \/>\n<link rel=\"canonical\" href=\"https:\/\/www.institut-o.com\/hr\/proizvod\/knjiga-prijateljem-najboljse-sistem-prehranske-prve-pomoci-dr-ostan\/\" \/>\n<meta property=\"og:locale\" content=\"hr_HR\" \/>\n<meta property=\"og:type\" content=\"article\" \/>\n<meta property=\"og:title\" content=\"Institut.O - Knjiga &quot;Prijateljem najbolj\u0161e!&quot; - Sistem prehranske prve pomo\u010di (dr. Ostan)\" \/>\n<meta property=\"og:description\" content=\"Avtor: dr Iztok Ostan  Knji\u017eica \u00bbPrijateljem najbolj\u0161e!\u00ab predstavlja izbor najbolj u\u010dinkovitih sredstev iz avtorjevega sistema prehranske prve pomo\u010di za starej\u0161e in o\u0161ibele.\" \/>\n<meta property=\"og:url\" content=\"https:\/\/www.institut-o.com\/hr\/proizvod\/knjiga-prijateljem-najboljse-sistem-prehranske-prve-pomoci-dr-ostan\/\" \/>\n<meta property=\"og:site_name\" content=\"Institut.O\" \/>\n<meta property=\"article:publisher\" content=\"https:\/\/www.facebook.com\/Institut.O.Slovenija\/\" \/>\n<meta property=\"article:modified_time\" content=\"2021-04-14T14:50:27+00:00\" \/>\n<meta property=\"og:image\" content=\"https:\/\/www.institut-o.com\/wp-content\/uploads\/2020\/02\/Prijateljem-najbolj\u0161e-naslovnica-1000.jpg\" \/>\n\t<meta property=\"og:image:width\" content=\"1000\" \/>\n\t<meta property=\"og:image:height\" content=\"1000\" \/>\n\t<meta property=\"og:image:type\" content=\"image\/jpeg\" \/>\n<meta name=\"twitter:card\" content=\"summary_large_image\" \/>\n<meta name=\"twitter:label1\" content=\"Procijenjeno vrijeme \u010ditanja\" \/>\n\t<meta name=\"twitter:data1\" content=\"1 minuta\" \/>\n<script type=\"application\/ld+json\" class=\"yoast-schema-graph\">{\"@context\":\"https:\/\/schema.org\",\"@graph\":[{\"@type\":\"WebPage\",\"@id\":\"https:\/\/www.institut-o.com\/hr\/proizvod\/knjiga-prijateljem-najboljse-sistem-prehranske-prve-pomoci-dr-ostan\/\",\"url\":\"https:\/\/www.institut-o.com\/hr\/proizvod\/knjiga-prijateljem-najboljse-sistem-prehranske-prve-pomoci-dr-ostan\/\",\"name\":\"Institut.O - Knjiga \\\"Prijateljem najbolj\u0161e!\\\" - Sistem prehranske prve pomo\u010di (dr. Ostan)\",\"isPartOf\":{\"@id\":\"https:\/\/www.institut-o.com\/#website\"},\"datePublished\":\"2020-02-07T12:20:21+00:00\",\"dateModified\":\"2021-04-14T14:50:27+00:00\",\"breadcrumb\":{\"@id\":\"https:\/\/www.institut-o.com\/hr\/proizvod\/knjiga-prijateljem-najboljse-sistem-prehranske-prve-pomoci-dr-ostan\/#breadcrumb\"},\"inLanguage\":\"hr\",\"potentialAction\":[{\"@type\":\"ReadAction\",\"target\":[\"https:\/\/www.institut-o.com\/hr\/proizvod\/knjiga-prijateljem-najboljse-sistem-prehranske-prve-pomoci-dr-ostan\/\"]}]},{\"@type\":\"BreadcrumbList\",\"@id\":\"https:\/\/www.institut-o.com\/hr\/proizvod\/knjiga-prijateljem-najboljse-sistem-prehranske-prve-pomoci-dr-ostan\/#breadcrumb\",\"itemListElement\":[{\"@type\":\"ListItem\",\"position\":1,\"name\":\"Home\",\"item\":\"https:\/\/www.institut-o.com\/hr\/\"},{\"@type\":\"ListItem\",\"position\":2,\"name\":\"Shop\",\"item\":\"https:\/\/www.institut-o.com\/hr\/shop\/\"},{\"@type\":\"ListItem\",\"position\":3,\"name\":\"Knjiga &#8220;Prijateljem najbolj\u0161e!&#8221; &#8211; Sistem prehranske prve pomo\u010di (dr. Ostan)\"}]},{\"@type\":\"WebSite\",\"@id\":\"https:\/\/www.institut-o.com\/#website\",\"url\":\"https:\/\/www.institut-o.com\/\",\"name\":\"Institut.O\",\"description\":\"Institut.O - prehranski dodatki in znanje s podro\u010dja krepitve \u017eivljenjske mo\u010di. Posebnost Instituta.O je, da ponuja samo izdelke in storitve, katerih kakovost je strokovno preverjena\",\"publisher\":{\"@id\":\"https:\/\/www.institut-o.com\/#organization\"},\"potentialAction\":[{\"@type\":\"SearchAction\",\"target\":{\"@type\":\"EntryPoint\",\"urlTemplate\":\"https:\/\/www.institut-o.com\/?s={search_term_string}\"},\"query-input\":\"required name=search_term_string\"}],\"inLanguage\":\"hr\"},{\"@type\":\"Organization\",\"@id\":\"https:\/\/www.institut-o.com\/#organization\",\"name\":\"Institut.O d.o.o.\",\"url\":\"https:\/\/www.institut-o.com\/\",\"logo\":{\"@type\":\"ImageObject\",\"inLanguage\":\"hr\",\"@id\":\"https:\/\/www.institut-o.com\/#\/schema\/logo\/image\/\",\"url\":\"https:\/\/www.institut-o.com\/wp-content\/uploads\/2020\/01\/logo.gif\",\"contentUrl\":\"https:\/\/www.institut-o.com\/wp-content\/uploads\/2020\/01\/logo.gif\",\"width\":226,\"height\":65,\"caption\":\"Institut.O d.o.o.\"},\"image\":{\"@id\":\"https:\/\/www.institut-o.com\/#\/schema\/logo\/image\/\"},\"sameAs\":[\"https:\/\/www.facebook.com\/Institut.O.Slovenija\/\",\"https:\/\/www.instagram.com\/institut.o\/\"]}]}<\/script>\n<!-- \/ Yoast SEO plugin. -->","yoast_head_json":{"title":"Institut.O - Knjiga \"Prijateljem najbolj\u0161e!\" - Sistem prehranske prve pomo\u010di (dr. Ostan)","robots":{"index":"index","follow":"follow","max-snippet":"max-snippet:-1","max-image-preview":"max-image-preview:large","max-video-preview":"max-video-preview:-1"},"canonical":"https:\/\/www.institut-o.com\/hr\/proizvod\/knjiga-prijateljem-najboljse-sistem-prehranske-prve-pomoci-dr-ostan\/","og_locale":"hr_HR","og_type":"article","og_title":"Institut.O - Knjiga \"Prijateljem najbolj\u0161e!\" - Sistem prehranske prve pomo\u010di (dr. Ostan)","og_description":"Avtor: dr Iztok Ostan  Knji\u017eica \u00bbPrijateljem najbolj\u0161e!\u00ab predstavlja izbor najbolj u\u010dinkovitih sredstev iz avtorjevega sistema prehranske prve pomo\u010di za starej\u0161e in o\u0161ibele.","og_url":"https:\/\/www.institut-o.com\/hr\/proizvod\/knjiga-prijateljem-najboljse-sistem-prehranske-prve-pomoci-dr-ostan\/","og_site_name":"Institut.O","article_publisher":"https:\/\/www.facebook.com\/Institut.O.Slovenija\/","article_modified_time":"2021-04-14T14:50:27+00:00","og_image":[{"width":1000,"height":1000,"url":"https:\/\/www.institut-o.com\/wp-content\/uploads\/2020\/02\/Prijateljem-najbolj\u0161e-naslovnica-1000.jpg","type":"image\/jpeg"}],"twitter_card":"summary_large_image","twitter_misc":{"Procijenjeno vrijeme \u010ditanja":"1 minuta"},"schema":{"@context":"https:\/\/schema.org","@graph":[{"@type":"WebPage","@id":"https:\/\/www.institut-o.com\/hr\/proizvod\/knjiga-prijateljem-najboljse-sistem-prehranske-prve-pomoci-dr-ostan\/","url":"https:\/\/www.institut-o.com\/hr\/proizvod\/knjiga-prijateljem-najboljse-sistem-prehranske-prve-pomoci-dr-ostan\/","name":"Institut.O - Knjiga \"Prijateljem najbolj\u0161e!\" - Sistem prehranske prve pomo\u010di (dr. Ostan)","isPartOf":{"@id":"https:\/\/www.institut-o.com\/#website"},"datePublished":"2020-02-07T12:20:21+00:00","dateModified":"2021-04-14T14:50:27+00:00","breadcrumb":{"@id":"https:\/\/www.institut-o.com\/hr\/proizvod\/knjiga-prijateljem-najboljse-sistem-prehranske-prve-pomoci-dr-ostan\/#breadcrumb"},"inLanguage":"hr","potentialAction":[{"@type":"ReadAction","target":["https:\/\/www.institut-o.com\/hr\/proizvod\/knjiga-prijateljem-najboljse-sistem-prehranske-prve-pomoci-dr-ostan\/"]}]},{"@type":"BreadcrumbList","@id":"https:\/\/www.institut-o.com\/hr\/proizvod\/knjiga-prijateljem-najboljse-sistem-prehranske-prve-pomoci-dr-ostan\/#breadcrumb","itemListElement":[{"@type":"ListItem","position":1,"name":"Home","item":"https:\/\/www.institut-o.com\/hr\/"},{"@type":"ListItem","position":2,"name":"Shop","item":"https:\/\/www.institut-o.com\/hr\/shop\/"},{"@type":"ListItem","position":3,"name":"Knjiga &#8220;Prijateljem najbolj\u0161e!&#8221; &#8211; Sistem prehranske prve pomo\u010di (dr. Ostan)"}]},{"@type":"WebSite","@id":"https:\/\/www.institut-o.com\/#website","url":"https:\/\/www.institut-o.com\/","name":"Institut.O","description":"Institut.O - prehranski dodatki in znanje s podro\u010dja krepitve \u017eivljenjske mo\u010di. Posebnost Instituta.O je, da ponuja samo izdelke in storitve, katerih kakovost je strokovno preverjena","publisher":{"@id":"https:\/\/www.institut-o.com\/#organization"},"potentialAction":[{"@type":"SearchAction","target":{"@type":"EntryPoint","urlTemplate":"https:\/\/www.institut-o.com\/?s={search_term_string}"},"query-input":"required name=search_term_string"}],"inLanguage":"hr"},{"@type":"Organization","@id":"https:\/\/www.institut-o.com\/#organization","name":"Institut.O d.o.o.","url":"https:\/\/www.institut-o.com\/","logo":{"@type":"ImageObject","inLanguage":"hr","@id":"https:\/\/www.institut-o.com\/#\/schema\/logo\/image\/","url":"https:\/\/www.institut-o.com\/wp-content\/uploads\/2020\/01\/logo.gif","contentUrl":"https:\/\/www.institut-o.com\/wp-content\/uploads\/2020\/01\/logo.gif","width":226,"height":65,"caption":"Institut.O d.o.o."},"image":{"@id":"https:\/\/www.institut-o.com\/#\/schema\/logo\/image\/"},"sameAs":["https:\/\/www.facebook.com\/Institut.O.Slovenija\/","https:\/\/www.instagram.com\/institut.o\/"]}]}},"_links":{"self":[{"href":"https:\/\/www.institut-o.com\/hr\/wp-json\/wp\/v2\/product\/1466"}],"collection":[{"href":"https:\/\/www.institut-o.com\/hr\/wp-json\/wp\/v2\/product"}],"about":[{"href":"https:\/\/www.institut-o.com\/hr\/wp-json\/wp\/v2\/types\/product"}],"wp:featuredmedia":[{"embeddable":true,"href":"https:\/\/www.institut-o.com\/hr\/wp-json\/wp\/v2\/media\/4164"}],"wp:attachment":[{"href":"https:\/\/www.institut-o.com\/hr\/wp-json\/wp\/v2\/media?parent=1466"}],"wp:term":[{"taxonomy":"product_cat","embeddable":true,"href":"https:\/\/www.institut-o.com\/hr\/wp-json\/wp\/v2\/product_cat?post=1466"},{"taxonomy":"product_tag","embeddable":true,"href":"https:\/\/www.institut-o.com\/hr\/wp-json\/wp\/v2\/product_tag?post=1466"}],"curies":[{"name":"wp","href":"https:\/\/api.w.org\/{rel}","templated":true}]}}