{"id":1464,"date":"2020-02-07T12:22:56","date_gmt":"2020-02-07T12:22:56","guid":{"rendered":"http:\/\/www.institut-o.com\/izdelek\/knjiga-zive-vode-dr-ostan\/"},"modified":"2021-04-14T14:54:25","modified_gmt":"2021-04-14T14:54:25","slug":"knjiga-zive-vode-dr-ostan","status":"publish","type":"product","link":"https:\/\/www.institut-o.com\/hr\/proizvod\/knjiga-zive-vode-dr-ostan\/","title":{"rendered":"Knjiga &#8220;\u017dive vode&#8221; (dr. Ostan)"},"content":{"rendered":"<p>\u00bbSi to, kar pije\u0161,\u00ab je bil rek dr. Henrija Coande, pionirja prou\u010devanja pitne vode v himalajski dolini Hunza, ki slovi po \u0161tevilnih stoletnikih. Podobno vodo je odkril tudi v nekaterih drugih krajih po svetu, znanih po dolgo\u017eivosti prebivalcev. Te vode so druga\u010dne od pitnih vod v na\u0161em okolju. Imajo veliko drobnih neraztopljenih kremenovih mineralov (koloidov), obogatenih z antioksidantskim vodikom (H-). Podobne so vodi v \u017eivih organizmih, zato jih imenujemo \u00bb\u017eive vode\u00ab. Dr. Patricku Flanaganu, nasledniku dr. Coande, je po dolgotrajnem delu leta 1997 uspelo poustvariti minerale, kakr\u0161ni so v Hunza vodi. Strokovno ime tega pra\u0161ka je FHES. Sledilo je veliko raziskav, ki nam danes pomagajo bolje razumeti tudi lastnosti sve\u017ee iztisnjenih sokov, ki so \u017ee dolgo znani v zdravilstvu.<\/p>\n<p>Dr. Iztok Ostan, docent na Univerzi v Ljubljani, je pionir prou\u010devanja \u017eivih vod na Slovenskem. Njegova knjiga \u00bb\u017dive vode\u00ab je bogata z izku\u0161njami ob uporabi sve\u017eih zelenjavnih in sadnih sokov, izjemno krepilnega soka iz mladega bilja p\u0161enice in vode, o\u017eivljene z mineralnim prahom FHES. Vsebuje napotke za njihovo uporabo in prakti\u010dna navodila za pripravo sve\u017eih sokov. Predstavljene so meritve njihovih lastnosti in povzetki znanstvenih \u0161tudij o varnosti in zelo pozitivnih u\u010dinkih u\u017eivanja s FHES o\u017eivljene vode, ki odpirajo nova obzorja v prehrani in krepitvi \u017eivljenjskih mo\u010di. Avtor \u017ee 18 let redno u\u017eiva izbrane vrste \u017eivih vod in sokov. Ob u\u017eivanju s FHES o\u017eivljene vode si je povrnil zdravje, ki je bilo zaradi kroni\u010dnega vnetja jeter in trebu\u0161ne slinavke prizadeto \u017ee od mladosti.<\/p>\n<p>Knjiga je napisana v preprostem jeziku. Bralca pritegne prav zaradi avtorjeve osebne izku\u0161nje in anga\u017eiranosti.<\/p>\n","protected":false},"excerpt":{"rendered":"<p><strong>Avtor:<\/strong> dr. Iztok Ostan<br \/>\n\u00bbSi to, kar pije\u0161,\u00ab je bil rek dr. Henrija Coande, pionirja prou\u010devanja pitne vode v himalajski dolini Hunza, ki slovi po \u0161tevilnih stoletnikih.<\/p>\n","protected":false},"featured_media":4166,"template":"","meta":[],"product_cat":[89],"product_tag":[],"tiered_pricing_type":"fixed","tiered_pricing_fixed_rules":[],"yoast_head":"<!-- This site is optimized with the Yoast SEO plugin v20.3 - https:\/\/yoast.com\/wordpress\/plugins\/seo\/ -->\n<title>Institut.O - Knjiga &quot;\u017dive vode&quot; (dr. Ostan)<\/title>\n<meta name=\"robots\" content=\"index, follow, max-snippet:-1, max-image-preview:large, max-video-preview:-1\" \/>\n<link rel=\"canonical\" href=\"https:\/\/www.institut-o.com\/hr\/proizvod\/knjiga-zive-vode-dr-ostan\/\" \/>\n<meta property=\"og:locale\" content=\"hr_HR\" \/>\n<meta property=\"og:type\" content=\"article\" \/>\n<meta property=\"og:title\" content=\"Institut.O - Knjiga &quot;\u017dive vode&quot; (dr. Ostan)\" \/>\n<meta property=\"og:description\" content=\"Avtor: dr. Iztok Ostan \u00bbSi to, kar pije\u0161,\u00ab je bil rek dr. Henrija Coande, pionirja prou\u010devanja pitne vode v himalajski dolini Hunza, ki slovi po \u0161tevilnih stoletnikih.\" \/>\n<meta property=\"og:url\" content=\"https:\/\/www.institut-o.com\/hr\/proizvod\/knjiga-zive-vode-dr-ostan\/\" \/>\n<meta property=\"og:site_name\" content=\"Institut.O\" \/>\n<meta property=\"article:publisher\" content=\"https:\/\/www.facebook.com\/Institut.O.Slovenija\/\" \/>\n<meta property=\"article:modified_time\" content=\"2021-04-14T14:54:25+00:00\" \/>\n<meta property=\"og:image\" content=\"https:\/\/www.institut-o.com\/wp-content\/uploads\/2020\/02\/Knjiga-\u017dive-vode-naslovnica-700.png\" \/>\n\t<meta property=\"og:image:width\" content=\"700\" \/>\n\t<meta property=\"og:image:height\" content=\"700\" \/>\n\t<meta property=\"og:image:type\" content=\"image\/png\" \/>\n<meta name=\"twitter:card\" content=\"summary_large_image\" \/>\n<meta name=\"twitter:label1\" content=\"Procijenjeno vrijeme \u010ditanja\" \/>\n\t<meta name=\"twitter:data1\" content=\"1 minuta\" \/>\n<script type=\"application\/ld+json\" class=\"yoast-schema-graph\">{\"@context\":\"https:\/\/schema.org\",\"@graph\":[{\"@type\":\"WebPage\",\"@id\":\"https:\/\/www.institut-o.com\/hr\/proizvod\/knjiga-zive-vode-dr-ostan\/\",\"url\":\"https:\/\/www.institut-o.com\/hr\/proizvod\/knjiga-zive-vode-dr-ostan\/\",\"name\":\"Institut.O - Knjiga \\\"\u017dive vode\\\" (dr. Ostan)\",\"isPartOf\":{\"@id\":\"https:\/\/www.institut-o.com\/#website\"},\"datePublished\":\"2020-02-07T12:22:56+00:00\",\"dateModified\":\"2021-04-14T14:54:25+00:00\",\"breadcrumb\":{\"@id\":\"https:\/\/www.institut-o.com\/hr\/proizvod\/knjiga-zive-vode-dr-ostan\/#breadcrumb\"},\"inLanguage\":\"hr\",\"potentialAction\":[{\"@type\":\"ReadAction\",\"target\":[\"https:\/\/www.institut-o.com\/hr\/proizvod\/knjiga-zive-vode-dr-ostan\/\"]}]},{\"@type\":\"BreadcrumbList\",\"@id\":\"https:\/\/www.institut-o.com\/hr\/proizvod\/knjiga-zive-vode-dr-ostan\/#breadcrumb\",\"itemListElement\":[{\"@type\":\"ListItem\",\"position\":1,\"name\":\"Home\",\"item\":\"https:\/\/www.institut-o.com\/hr\/\"},{\"@type\":\"ListItem\",\"position\":2,\"name\":\"Shop\",\"item\":\"https:\/\/www.institut-o.com\/hr\/shop\/\"},{\"@type\":\"ListItem\",\"position\":3,\"name\":\"Knjiga &#8220;\u017dive vode&#8221; (dr. Ostan)\"}]},{\"@type\":\"WebSite\",\"@id\":\"https:\/\/www.institut-o.com\/#website\",\"url\":\"https:\/\/www.institut-o.com\/\",\"name\":\"Institut.O\",\"description\":\"Institut.O - prehranski dodatki in znanje s podro\u010dja krepitve \u017eivljenjske mo\u010di. Posebnost Instituta.O je, da ponuja samo izdelke in storitve, katerih kakovost je strokovno preverjena\",\"publisher\":{\"@id\":\"https:\/\/www.institut-o.com\/#organization\"},\"potentialAction\":[{\"@type\":\"SearchAction\",\"target\":{\"@type\":\"EntryPoint\",\"urlTemplate\":\"https:\/\/www.institut-o.com\/?s={search_term_string}\"},\"query-input\":\"required name=search_term_string\"}],\"inLanguage\":\"hr\"},{\"@type\":\"Organization\",\"@id\":\"https:\/\/www.institut-o.com\/#organization\",\"name\":\"Institut.O d.o.o.\",\"url\":\"https:\/\/www.institut-o.com\/\",\"logo\":{\"@type\":\"ImageObject\",\"inLanguage\":\"hr\",\"@id\":\"https:\/\/www.institut-o.com\/#\/schema\/logo\/image\/\",\"url\":\"https:\/\/www.institut-o.com\/wp-content\/uploads\/2020\/01\/logo.gif\",\"contentUrl\":\"https:\/\/www.institut-o.com\/wp-content\/uploads\/2020\/01\/logo.gif\",\"width\":226,\"height\":65,\"caption\":\"Institut.O d.o.o.\"},\"image\":{\"@id\":\"https:\/\/www.institut-o.com\/#\/schema\/logo\/image\/\"},\"sameAs\":[\"https:\/\/www.facebook.com\/Institut.O.Slovenija\/\",\"https:\/\/www.instagram.com\/institut.o\/\"]}]}<\/script>\n<!-- \/ Yoast SEO plugin. -->","yoast_head_json":{"title":"Institut.O - Knjiga \"\u017dive vode\" (dr. Ostan)","robots":{"index":"index","follow":"follow","max-snippet":"max-snippet:-1","max-image-preview":"max-image-preview:large","max-video-preview":"max-video-preview:-1"},"canonical":"https:\/\/www.institut-o.com\/hr\/proizvod\/knjiga-zive-vode-dr-ostan\/","og_locale":"hr_HR","og_type":"article","og_title":"Institut.O - Knjiga \"\u017dive vode\" (dr. Ostan)","og_description":"Avtor: dr. Iztok Ostan \u00bbSi to, kar pije\u0161,\u00ab je bil rek dr. Henrija Coande, pionirja prou\u010devanja pitne vode v himalajski dolini Hunza, ki slovi po \u0161tevilnih stoletnikih.","og_url":"https:\/\/www.institut-o.com\/hr\/proizvod\/knjiga-zive-vode-dr-ostan\/","og_site_name":"Institut.O","article_publisher":"https:\/\/www.facebook.com\/Institut.O.Slovenija\/","article_modified_time":"2021-04-14T14:54:25+00:00","og_image":[{"width":700,"height":700,"url":"https:\/\/www.institut-o.com\/wp-content\/uploads\/2020\/02\/Knjiga-\u017dive-vode-naslovnica-700.png","type":"image\/png"}],"twitter_card":"summary_large_image","twitter_misc":{"Procijenjeno vrijeme \u010ditanja":"1 minuta"},"schema":{"@context":"https:\/\/schema.org","@graph":[{"@type":"WebPage","@id":"https:\/\/www.institut-o.com\/hr\/proizvod\/knjiga-zive-vode-dr-ostan\/","url":"https:\/\/www.institut-o.com\/hr\/proizvod\/knjiga-zive-vode-dr-ostan\/","name":"Institut.O - Knjiga \"\u017dive vode\" (dr. Ostan)","isPartOf":{"@id":"https:\/\/www.institut-o.com\/#website"},"datePublished":"2020-02-07T12:22:56+00:00","dateModified":"2021-04-14T14:54:25+00:00","breadcrumb":{"@id":"https:\/\/www.institut-o.com\/hr\/proizvod\/knjiga-zive-vode-dr-ostan\/#breadcrumb"},"inLanguage":"hr","potentialAction":[{"@type":"ReadAction","target":["https:\/\/www.institut-o.com\/hr\/proizvod\/knjiga-zive-vode-dr-ostan\/"]}]},{"@type":"BreadcrumbList","@id":"https:\/\/www.institut-o.com\/hr\/proizvod\/knjiga-zive-vode-dr-ostan\/#breadcrumb","itemListElement":[{"@type":"ListItem","position":1,"name":"Home","item":"https:\/\/www.institut-o.com\/hr\/"},{"@type":"ListItem","position":2,"name":"Shop","item":"https:\/\/www.institut-o.com\/hr\/shop\/"},{"@type":"ListItem","position":3,"name":"Knjiga &#8220;\u017dive vode&#8221; (dr. Ostan)"}]},{"@type":"WebSite","@id":"https:\/\/www.institut-o.com\/#website","url":"https:\/\/www.institut-o.com\/","name":"Institut.O","description":"Institut.O - prehranski dodatki in znanje s podro\u010dja krepitve \u017eivljenjske mo\u010di. Posebnost Instituta.O je, da ponuja samo izdelke in storitve, katerih kakovost je strokovno preverjena","publisher":{"@id":"https:\/\/www.institut-o.com\/#organization"},"potentialAction":[{"@type":"SearchAction","target":{"@type":"EntryPoint","urlTemplate":"https:\/\/www.institut-o.com\/?s={search_term_string}"},"query-input":"required name=search_term_string"}],"inLanguage":"hr"},{"@type":"Organization","@id":"https:\/\/www.institut-o.com\/#organization","name":"Institut.O d.o.o.","url":"https:\/\/www.institut-o.com\/","logo":{"@type":"ImageObject","inLanguage":"hr","@id":"https:\/\/www.institut-o.com\/#\/schema\/logo\/image\/","url":"https:\/\/www.institut-o.com\/wp-content\/uploads\/2020\/01\/logo.gif","contentUrl":"https:\/\/www.institut-o.com\/wp-content\/uploads\/2020\/01\/logo.gif","width":226,"height":65,"caption":"Institut.O d.o.o."},"image":{"@id":"https:\/\/www.institut-o.com\/#\/schema\/logo\/image\/"},"sameAs":["https:\/\/www.facebook.com\/Institut.O.Slovenija\/","https:\/\/www.instagram.com\/institut.o\/"]}]}},"_links":{"self":[{"href":"https:\/\/www.institut-o.com\/hr\/wp-json\/wp\/v2\/product\/1464"}],"collection":[{"href":"https:\/\/www.institut-o.com\/hr\/wp-json\/wp\/v2\/product"}],"about":[{"href":"https:\/\/www.institut-o.com\/hr\/wp-json\/wp\/v2\/types\/product"}],"wp:featuredmedia":[{"embeddable":true,"href":"https:\/\/www.institut-o.com\/hr\/wp-json\/wp\/v2\/media\/4166"}],"wp:attachment":[{"href":"https:\/\/www.institut-o.com\/hr\/wp-json\/wp\/v2\/media?parent=1464"}],"wp:term":[{"taxonomy":"product_cat","embeddable":true,"href":"https:\/\/www.institut-o.com\/hr\/wp-json\/wp\/v2\/product_cat?post=1464"},{"taxonomy":"product_tag","embeddable":true,"href":"https:\/\/www.institut-o.com\/hr\/wp-json\/wp\/v2\/product_tag?post=1464"}],"curies":[{"name":"wp","href":"https:\/\/api.w.org\/{rel}","templated":true}]}}