{"id":1462,"date":"2020-02-07T12:25:19","date_gmt":"2020-02-07T12:25:19","guid":{"rendered":"http:\/\/www.institut-o.com\/izdelek\/knjiga-hujsanje-s-prehranskimi-dopolnili-tipa-oka\/"},"modified":"2021-04-14T14:45:59","modified_gmt":"2021-04-14T14:45:59","slug":"knjiga-hujsanje-s-prehranskimi-dopolnili-tipa-oka","status":"publish","type":"product","link":"https:\/\/www.institut-o.com\/hr\/proizvod\/knjiga-hujsanje-s-prehranskimi-dopolnili-tipa-oka\/","title":{"rendered":"Knjiga &#8220;Huj\u0161anje s prehranskimi dopolnili tipa OKA&#8221;"},"content":{"rendered":"<p>V knjigi Huj\u0161anje s prehranskimi dopolnili tipa OKA se avtorji, dr. Iztok Ostan, Bo\u017eena Ambrozius in Alberta Ostan lotevajo dveh temeljnih problemov, s katerimi se sre\u010duje skoraj vsakdo, ki \u017eeli shuj\u0161ati. To sta: &#8211; upadanje mi\u0161i\u010dne mase in izguba elasti\u010dnosti ko\u017ee v \u010dasu huj\u0161anja, &#8211; ponovno nara\u0161\u010danje telesne te\u017ee po kon\u010dani shuj\u0161evalni kuri.<\/p>\n<p>Obe te\u017eavi sta povezani s pomanjkanjem beljakovin v \u010dasu huj\u0161anja. Na zdrav na\u010din se ju ne da re\u0161iti, \u010de se v \u010dasu huj\u0161anja prehranjujemo le z obi\u010dajnimi prehranskimi beljakovinami; te na\u0161e celice slabo izkoristijo in tvorijo veliko odpadkov, ki so vir kalorij in za zdravje obremenilnih du\u0161i\u010dnih toksinov. Novo obdobje v obvladovanju telesne te\u017ee se je za\u010delo leta 1998, ko je bila odkrita optimalna kombinacija esencialnih aminokislin OKA (angl. MAP), na osnovi katere prehranska industrija dandanes pripravlja prehranska dopolnila tega tipa, ki prakti\u010dno ne tvorijo kalorij in du\u0161i\u010dnih odpadkov. Tako se lahko tudi v \u010dasu shuj\u0161evalnih kur ustrezno beljakovinsko prehranimo, s tem pa ohranjamo pro\u017enost ko\u017ee, mi\u0161i\u010dno maso in zmanj\u0161ujemo \u017eeljo po hrani.<\/p>\n<p>V knji\u017eici so predstavljeni prakti\u010dni napotki za huj\u0161anje z OKA, ki jih je oblikoval mednarodni prehranski institut INRC; v njej so tudi navodila za redne kratke polnovredne poste, s katerimi trajno vzdr\u017eujemo ustrezno telesno te\u017eo. Napotki so podkrepljeni z izsledki raziskav o uporabi teh novih na\u010dinov uravnavanja telesne te\u017ee in nekatere izku\u0161nje uporabnikov.<\/p>\n","protected":false},"excerpt":{"rendered":"<p><strong>Avtorji:<\/strong> dr. Iztok Ostan, Bo\u017eena Ambrozius in Alberta Ostan<br \/>\nV knjigi Huj\u0161anje s prehranskimi dopolnili tipa OKA se avtorji, dr. Iztok Ostan, Bo\u017eena Ambrozius in Alberta Ostan lotevajo dveh temeljnih problemov, s katerimi se sre\u010duje skoraj vsakdo, ki \u017eeli shuj\u0161ati.<\/p>\n","protected":false},"featured_media":4162,"template":"","meta":[],"product_cat":[89],"product_tag":[],"tiered_pricing_type":"fixed","tiered_pricing_fixed_rules":[],"yoast_head":"<!-- This site is optimized with the Yoast SEO plugin v20.3 - https:\/\/yoast.com\/wordpress\/plugins\/seo\/ -->\n<title>Institut.O - Knjiga &quot;Huj\u0161anje s prehranskimi dopolnili tipa OKA&quot;<\/title>\n<meta name=\"robots\" content=\"index, follow, max-snippet:-1, max-image-preview:large, max-video-preview:-1\" \/>\n<link rel=\"canonical\" href=\"https:\/\/www.institut-o.com\/hr\/proizvod\/knjiga-hujsanje-s-prehranskimi-dopolnili-tipa-oka\/\" \/>\n<meta property=\"og:locale\" content=\"hr_HR\" \/>\n<meta property=\"og:type\" content=\"article\" \/>\n<meta property=\"og:title\" content=\"Institut.O - Knjiga &quot;Huj\u0161anje s prehranskimi dopolnili tipa OKA&quot;\" \/>\n<meta property=\"og:description\" content=\"Avtorji: dr. Iztok Ostan, Bo\u017eena Ambrozius in Alberta Ostan V knjigi Huj\u0161anje s prehranskimi dopolnili tipa OKA se avtorji, dr. Iztok Ostan, Bo\u017eena Ambrozius in Alberta Ostan lotevajo dveh temeljnih problemov, s katerimi se sre\u010duje skoraj vsakdo, ki \u017eeli shuj\u0161ati.\" \/>\n<meta property=\"og:url\" content=\"https:\/\/www.institut-o.com\/hr\/proizvod\/knjiga-hujsanje-s-prehranskimi-dopolnili-tipa-oka\/\" \/>\n<meta property=\"og:site_name\" content=\"Institut.O\" \/>\n<meta property=\"article:publisher\" content=\"https:\/\/www.facebook.com\/Institut.O.Slovenija\/\" \/>\n<meta property=\"article:modified_time\" content=\"2021-04-14T14:45:59+00:00\" \/>\n<meta property=\"og:image\" content=\"https:\/\/www.institut-o.com\/wp-content\/uploads\/2020\/02\/Huj\u0161anje-z-dopolnili-tipa-OKA-naslovnica-1500-1.jpg\" \/>\n\t<meta property=\"og:image:width\" content=\"1500\" \/>\n\t<meta property=\"og:image:height\" content=\"1500\" \/>\n\t<meta property=\"og:image:type\" content=\"image\/jpeg\" \/>\n<meta name=\"twitter:card\" content=\"summary_large_image\" \/>\n<meta name=\"twitter:label1\" content=\"Procijenjeno vrijeme \u010ditanja\" \/>\n\t<meta name=\"twitter:data1\" content=\"1 minuta\" \/>\n<script type=\"application\/ld+json\" class=\"yoast-schema-graph\">{\"@context\":\"https:\/\/schema.org\",\"@graph\":[{\"@type\":\"WebPage\",\"@id\":\"https:\/\/www.institut-o.com\/hr\/proizvod\/knjiga-hujsanje-s-prehranskimi-dopolnili-tipa-oka\/\",\"url\":\"https:\/\/www.institut-o.com\/hr\/proizvod\/knjiga-hujsanje-s-prehranskimi-dopolnili-tipa-oka\/\",\"name\":\"Institut.O - Knjiga \\\"Huj\u0161anje s prehranskimi dopolnili tipa OKA\\\"\",\"isPartOf\":{\"@id\":\"https:\/\/www.institut-o.com\/#website\"},\"datePublished\":\"2020-02-07T12:25:19+00:00\",\"dateModified\":\"2021-04-14T14:45:59+00:00\",\"breadcrumb\":{\"@id\":\"https:\/\/www.institut-o.com\/hr\/proizvod\/knjiga-hujsanje-s-prehranskimi-dopolnili-tipa-oka\/#breadcrumb\"},\"inLanguage\":\"hr\",\"potentialAction\":[{\"@type\":\"ReadAction\",\"target\":[\"https:\/\/www.institut-o.com\/hr\/proizvod\/knjiga-hujsanje-s-prehranskimi-dopolnili-tipa-oka\/\"]}]},{\"@type\":\"BreadcrumbList\",\"@id\":\"https:\/\/www.institut-o.com\/hr\/proizvod\/knjiga-hujsanje-s-prehranskimi-dopolnili-tipa-oka\/#breadcrumb\",\"itemListElement\":[{\"@type\":\"ListItem\",\"position\":1,\"name\":\"Home\",\"item\":\"https:\/\/www.institut-o.com\/hr\/\"},{\"@type\":\"ListItem\",\"position\":2,\"name\":\"Shop\",\"item\":\"https:\/\/www.institut-o.com\/hr\/shop\/\"},{\"@type\":\"ListItem\",\"position\":3,\"name\":\"Knjiga &#8220;Huj\u0161anje s prehranskimi dopolnili tipa OKA&#8221;\"}]},{\"@type\":\"WebSite\",\"@id\":\"https:\/\/www.institut-o.com\/#website\",\"url\":\"https:\/\/www.institut-o.com\/\",\"name\":\"Institut.O\",\"description\":\"Institut.O - prehranski dodatki in znanje s podro\u010dja krepitve \u017eivljenjske mo\u010di. Posebnost Instituta.O je, da ponuja samo izdelke in storitve, katerih kakovost je strokovno preverjena\",\"publisher\":{\"@id\":\"https:\/\/www.institut-o.com\/#organization\"},\"potentialAction\":[{\"@type\":\"SearchAction\",\"target\":{\"@type\":\"EntryPoint\",\"urlTemplate\":\"https:\/\/www.institut-o.com\/?s={search_term_string}\"},\"query-input\":\"required name=search_term_string\"}],\"inLanguage\":\"hr\"},{\"@type\":\"Organization\",\"@id\":\"https:\/\/www.institut-o.com\/#organization\",\"name\":\"Institut.O d.o.o.\",\"url\":\"https:\/\/www.institut-o.com\/\",\"logo\":{\"@type\":\"ImageObject\",\"inLanguage\":\"hr\",\"@id\":\"https:\/\/www.institut-o.com\/#\/schema\/logo\/image\/\",\"url\":\"https:\/\/www.institut-o.com\/wp-content\/uploads\/2020\/01\/logo.gif\",\"contentUrl\":\"https:\/\/www.institut-o.com\/wp-content\/uploads\/2020\/01\/logo.gif\",\"width\":226,\"height\":65,\"caption\":\"Institut.O d.o.o.\"},\"image\":{\"@id\":\"https:\/\/www.institut-o.com\/#\/schema\/logo\/image\/\"},\"sameAs\":[\"https:\/\/www.facebook.com\/Institut.O.Slovenija\/\",\"https:\/\/www.instagram.com\/institut.o\/\"]}]}<\/script>\n<!-- \/ Yoast SEO plugin. -->","yoast_head_json":{"title":"Institut.O - Knjiga \"Huj\u0161anje s prehranskimi dopolnili tipa OKA\"","robots":{"index":"index","follow":"follow","max-snippet":"max-snippet:-1","max-image-preview":"max-image-preview:large","max-video-preview":"max-video-preview:-1"},"canonical":"https:\/\/www.institut-o.com\/hr\/proizvod\/knjiga-hujsanje-s-prehranskimi-dopolnili-tipa-oka\/","og_locale":"hr_HR","og_type":"article","og_title":"Institut.O - Knjiga \"Huj\u0161anje s prehranskimi dopolnili tipa OKA\"","og_description":"Avtorji: dr. Iztok Ostan, Bo\u017eena Ambrozius in Alberta Ostan V knjigi Huj\u0161anje s prehranskimi dopolnili tipa OKA se avtorji, dr. Iztok Ostan, Bo\u017eena Ambrozius in Alberta Ostan lotevajo dveh temeljnih problemov, s katerimi se sre\u010duje skoraj vsakdo, ki \u017eeli shuj\u0161ati.","og_url":"https:\/\/www.institut-o.com\/hr\/proizvod\/knjiga-hujsanje-s-prehranskimi-dopolnili-tipa-oka\/","og_site_name":"Institut.O","article_publisher":"https:\/\/www.facebook.com\/Institut.O.Slovenija\/","article_modified_time":"2021-04-14T14:45:59+00:00","og_image":[{"width":1500,"height":1500,"url":"https:\/\/www.institut-o.com\/wp-content\/uploads\/2020\/02\/Huj\u0161anje-z-dopolnili-tipa-OKA-naslovnica-1500-1.jpg","type":"image\/jpeg"}],"twitter_card":"summary_large_image","twitter_misc":{"Procijenjeno vrijeme \u010ditanja":"1 minuta"},"schema":{"@context":"https:\/\/schema.org","@graph":[{"@type":"WebPage","@id":"https:\/\/www.institut-o.com\/hr\/proizvod\/knjiga-hujsanje-s-prehranskimi-dopolnili-tipa-oka\/","url":"https:\/\/www.institut-o.com\/hr\/proizvod\/knjiga-hujsanje-s-prehranskimi-dopolnili-tipa-oka\/","name":"Institut.O - Knjiga \"Huj\u0161anje s prehranskimi dopolnili tipa OKA\"","isPartOf":{"@id":"https:\/\/www.institut-o.com\/#website"},"datePublished":"2020-02-07T12:25:19+00:00","dateModified":"2021-04-14T14:45:59+00:00","breadcrumb":{"@id":"https:\/\/www.institut-o.com\/hr\/proizvod\/knjiga-hujsanje-s-prehranskimi-dopolnili-tipa-oka\/#breadcrumb"},"inLanguage":"hr","potentialAction":[{"@type":"ReadAction","target":["https:\/\/www.institut-o.com\/hr\/proizvod\/knjiga-hujsanje-s-prehranskimi-dopolnili-tipa-oka\/"]}]},{"@type":"BreadcrumbList","@id":"https:\/\/www.institut-o.com\/hr\/proizvod\/knjiga-hujsanje-s-prehranskimi-dopolnili-tipa-oka\/#breadcrumb","itemListElement":[{"@type":"ListItem","position":1,"name":"Home","item":"https:\/\/www.institut-o.com\/hr\/"},{"@type":"ListItem","position":2,"name":"Shop","item":"https:\/\/www.institut-o.com\/hr\/shop\/"},{"@type":"ListItem","position":3,"name":"Knjiga &#8220;Huj\u0161anje s prehranskimi dopolnili tipa OKA&#8221;"}]},{"@type":"WebSite","@id":"https:\/\/www.institut-o.com\/#website","url":"https:\/\/www.institut-o.com\/","name":"Institut.O","description":"Institut.O - prehranski dodatki in znanje s podro\u010dja krepitve \u017eivljenjske mo\u010di. Posebnost Instituta.O je, da ponuja samo izdelke in storitve, katerih kakovost je strokovno preverjena","publisher":{"@id":"https:\/\/www.institut-o.com\/#organization"},"potentialAction":[{"@type":"SearchAction","target":{"@type":"EntryPoint","urlTemplate":"https:\/\/www.institut-o.com\/?s={search_term_string}"},"query-input":"required name=search_term_string"}],"inLanguage":"hr"},{"@type":"Organization","@id":"https:\/\/www.institut-o.com\/#organization","name":"Institut.O d.o.o.","url":"https:\/\/www.institut-o.com\/","logo":{"@type":"ImageObject","inLanguage":"hr","@id":"https:\/\/www.institut-o.com\/#\/schema\/logo\/image\/","url":"https:\/\/www.institut-o.com\/wp-content\/uploads\/2020\/01\/logo.gif","contentUrl":"https:\/\/www.institut-o.com\/wp-content\/uploads\/2020\/01\/logo.gif","width":226,"height":65,"caption":"Institut.O d.o.o."},"image":{"@id":"https:\/\/www.institut-o.com\/#\/schema\/logo\/image\/"},"sameAs":["https:\/\/www.facebook.com\/Institut.O.Slovenija\/","https:\/\/www.instagram.com\/institut.o\/"]}]}},"_links":{"self":[{"href":"https:\/\/www.institut-o.com\/hr\/wp-json\/wp\/v2\/product\/1462"}],"collection":[{"href":"https:\/\/www.institut-o.com\/hr\/wp-json\/wp\/v2\/product"}],"about":[{"href":"https:\/\/www.institut-o.com\/hr\/wp-json\/wp\/v2\/types\/product"}],"wp:featuredmedia":[{"embeddable":true,"href":"https:\/\/www.institut-o.com\/hr\/wp-json\/wp\/v2\/media\/4162"}],"wp:attachment":[{"href":"https:\/\/www.institut-o.com\/hr\/wp-json\/wp\/v2\/media?parent=1462"}],"wp:term":[{"taxonomy":"product_cat","embeddable":true,"href":"https:\/\/www.institut-o.com\/hr\/wp-json\/wp\/v2\/product_cat?post=1462"},{"taxonomy":"product_tag","embeddable":true,"href":"https:\/\/www.institut-o.com\/hr\/wp-json\/wp\/v2\/product_tag?post=1462"}],"curies":[{"name":"wp","href":"https:\/\/api.w.org\/{rel}","templated":true}]}}