{"id":1598,"date":"2020-03-18T19:12:06","date_gmt":"2020-03-18T19:12:06","guid":{"rendered":"http:\/\/www.institut-o.com\/cjenik\/"},"modified":"2026-02-28T23:50:14","modified_gmt":"2026-02-28T23:50:14","slug":"cjenik","status":"publish","type":"page","link":"https:\/\/www.institut-o.com\/hr\/cjenik\/","title":{"rendered":"Cjenik"},"content":{"rendered":"\t<section class=\"section\" id=\"section_760323059\">\n\t\t<div class=\"bg section-bg fill bg-fill bg-loaded bg-loaded\" >\n\n\t\t\t\n\t\t\t\n\t\t\t\n\n\t\t<\/div>\n\n\t\t\n\n\t\t<div class=\"section-content relative\">\n\t\t\t\n<div class=\"row\"  id=\"row-1033400916\">\n\n\t<div id=\"col-1926547686\" class=\"col medium-6 small-12 large-6\"  data-animate=\"fadeInUp\">\n\t\t\t\t<div class=\"col-inner\"  >\n\t\t\t\n\t\t\t\n<h1>Cjenik<\/h1>\n\t\t<\/div>\n\t\t\t\t\t<\/div>\n\n\t\n\n\t<div id=\"col-1360087052\" class=\"col medium-6 small-12 large-6\"  data-animate=\"fadeInUp\">\n\t\t\t\t<div class=\"col-inner text-right\"  >\n\t\t\t\n\t\t\t\n<a rel=\"noopener noreferrer\" href=\"https:\/\/www.institut-o.com\/wp-content\/uploads\/2026\/02\/Cenik-celotnega-asortimana-za-tiskano-obliko-z-DDV-od-1.3.2026-1.pdf\" target=\"_blank\" class=\"button primary\"  >\n    <span>Preuzmi cjenik<\/span>\n  <i class=\"icon-angle-down\" aria-hidden=\"true\" ><\/i><\/a>\n\n\t\t<\/div>\n\t\t\t\t\t<\/div>\n\n\t\n\n\t<div id=\"col-541304595\" class=\"col small-12 large-12\"  data-animate=\"fadeInUp\">\n\t\t\t\t<div class=\"col-inner\"  >\n\t\t\t\n\t\t\t\n<div id=\"tablepress-4-scroll-wrapper\" class=\"tablepress-scroll-wrapper\">\n\n<table id=\"tablepress-4\" class=\"tablepress tablepress-id-4 tablepress-responsive\">\n<thead>\n<tr class=\"row-1 odd\">\n\t<th class=\"column-1\">Proizvod<\/th><th class=\"column-2\">Naru\u010dena koli\u010dina<br \/>\n(u kom)<\/th><th class=\"column-3\">Cijena<br \/>\n(u EUR\/kom)<\/th><th class=\"column-4\">Neto \/ bruto <br \/>\nte\u017eina proizvoda<\/th>\n<\/tr>\n<\/thead>\n<tbody class=\"row-hover\">\n<tr class=\"row-2 even\">\n\t<td rowspan=\"3\" class=\"column-1\">MAP (Master amino acid pattern)<\/td><td class=\"column-2\">1 do 2 kom<br \/>\n<\/td><td class=\"column-3\">Cijena jedne bo\u010dice: 49,99<\/td><td class=\"column-4\">120g\/160g<\/td>\n<\/tr>\n<tr class=\"row-3 odd\">\n\t<td class=\"column-2\">3 do 11 kom<\/td><td class=\"column-3\">Cijena jedne bo\u010dice: 45,79<\/td><td class=\"column-4\">120g\/160g<\/td>\n<\/tr>\n<tr class=\"row-4 even\">\n\t<td class=\"column-2\">12 i vi\u0161e kom<\/td><td class=\"column-3\">Cijena jedne bo\u010dice: 42,29<\/td><td class=\"column-4\">120g\/160g<\/td>\n<\/tr>\n<tr class=\"row-5 odd\">\n\t<td rowspan=\"4\" class=\"column-1\">MegaHydrate  (u kapsulama)<\/td><td class=\"column-2\">1 do 2 kom<\/td><td class=\"column-3\">Cijena jedne bo\u010dice: 48,99<\/td><td class=\"column-4\">18g\/50g<\/td>\n<\/tr>\n<tr class=\"row-6 even\">\n\t<td class=\"column-2\">3 do 11 kom<\/td><td class=\"column-3\">Cijena jedne bo\u010dice: 45,99<\/td><td class=\"column-4\">18g\/50g<\/td>\n<\/tr>\n<tr class=\"row-7 odd\">\n\t<td class=\"column-2\">12 do 23 kom<\/td><td class=\"column-3\">Cijena jedne bo\u010dice: 42,99<\/td><td class=\"column-4\">18g\/50g<\/td>\n<\/tr>\n<tr class=\"row-8 even\">\n\t<td class=\"column-2\">24 i vi\u0161e kom<\/td><td class=\"column-3\">Cijena jedne bo\u010dice: 40,99<\/td><td class=\"column-4\">18g\/50g<\/td>\n<\/tr>\n<tr class=\"row-9 odd\">\n\t<td class=\"column-1\">MegaHydrate (u prahu)<\/td><td class=\"column-2\">1 kom<\/td><td class=\"column-3\">Cijena jedne bo\u010dice:  99,99<\/td><td class=\"column-4\">50g\/80g<\/td>\n<\/tr>\n<tr class=\"row-10 even\">\n\t<td rowspan=\"2\" class=\"column-1\">Vita Biosa (0,5 L)<\/td><td class=\"column-2\">1 do 2 kom<\/td><td class=\"column-3\">Cijena jedne bo\u010dice: 20,99<\/td><td class=\"column-4\">0,5 L\/550g<\/td>\n<\/tr>\n<tr class=\"row-11 odd\">\n\t<td class=\"column-2\">3 i vi\u0161e kom<\/td><td class=\"column-3\">Cijena jedne bo\u010dice: 18,99<\/td><td class=\"column-4\">0,5 L\/550g<\/td>\n<\/tr>\n<tr class=\"row-12 even\">\n\t<td class=\"column-1\">Vita Biosa (1,0 L)<\/td><td class=\"column-2\">1 kom<\/td><td class=\"column-3\">Cijena jedne bo\u010dice: 36,99<\/td><td class=\"column-4\">1,0 L\/1100g<\/td>\n<\/tr>\n<tr class=\"row-13 odd\">\n\t<td class=\"column-1\">Vita Biosa (3,0 L)<\/td><td class=\"column-2\">1 kom<\/td><td class=\"column-3\">Cijena jednog pakiranja: 78,99<\/td><td class=\"column-4\">3,0 L\/3300g<\/td>\n<\/tr>\n<tr class=\"row-14 even\">\n\t<td class=\"column-1\">Animal Biosa (0,5 L)<\/td><td class=\"column-2\">1 kom<\/td><td class=\"column-3\">Cijena jedne bo\u010dice: 16,99<\/td><td class=\"column-4\">0,5 L\/550g<\/td>\n<\/tr>\n<tr class=\"row-15 odd\">\n\t<td class=\"column-1\">Animal Biosa (3,0 L)<\/td><td class=\"column-2\">1 kom<\/td><td class=\"column-3\">Cijena jedne bo\u010dice: 43,99<\/td><td class=\"column-4\">3,0 L\/3300g<\/td>\n<\/tr>\n<tr class=\"row-16 even\">\n\t<td class=\"column-1\">MelatoninaMed Fast 150 tableta<\/td><td class=\"column-2\">1 kom<\/td><td class=\"column-3\">Cijena jedne bo\u010dice: 14,99<\/td><td class=\"column-4\">21g\/70g<\/td>\n<\/tr>\n<tr class=\"row-17 odd\">\n\t<td class=\"column-1\">Fermentix<\/td><td class=\"column-2\">1 kom<\/td><td class=\"column-3\">Cijena jednog pakiranja: 16,99<\/td><td class=\"column-4\">120ml\/500g<\/td>\n<\/tr>\n<tr class=\"row-18 even\">\n\t<td class=\"column-1\">Fermentix Junior<\/td><td class=\"column-2\">1 kom<\/td><td class=\"column-3\">Cijena jednog pakiranja: 16,99<\/td><td class=\"column-4\">120ml\/500g<\/td>\n<\/tr>\n<tr class=\"row-19 odd\">\n\t<td class=\"column-1\">Fermentix ravan trbuh i nadutost<\/td><td class=\"column-2\">1 kom<\/td><td class=\"column-3\">Cijena jednog pakiranja: 12,99<\/td><td class=\"column-4\">7g\/30g<\/td>\n<\/tr>\n<tr class=\"row-20 even\">\n\t<td rowspan=\"2\" class=\"column-1\">Spirulina Institut.O 100 tableta<\/td><td class=\"column-2\">1 kom<\/td><td class=\"column-3\">Cijena jedne bo\u010dice: 15,99<\/td><td class=\"column-4\">50g\/180g<\/td>\n<\/tr>\n<tr class=\"row-21 odd\">\n\t<td class=\"column-2\">3 i vi\u0161e kom<\/td><td class=\"column-3\">Cijena jedne bo\u010dice: 14,49<\/td><td class=\"column-4\">50g\/180g<\/td>\n<\/tr>\n<tr class=\"row-22 even\">\n\t<td rowspan=\"2\" class=\"column-1\">Spirulina Institut.O 200 tableta<\/td><td class=\"column-2\">1 kom<\/td><td class=\"column-3\">Cijena jedne bo\u010dice: 25,99<\/td><td class=\"column-4\">100g\/140g<\/td>\n<\/tr>\n<tr class=\"row-23 odd\">\n\t<td class=\"column-2\">3  i vi\u0161e kom<\/td><td class=\"column-3\">Cijena jedne bo\u010dice: 23,99<\/td><td class=\"column-4\">100g\/140g<\/td>\n<\/tr>\n<tr class=\"row-24 even\">\n\t<td rowspan=\"2\" class=\"column-1\">Spirulina Institut.O 400 tableta<\/td><td class=\"column-2\">1 kom<\/td><td class=\"column-3\">Cijena jedne bo\u010dice: 38,99<\/td><td class=\"column-4\">200g\/260g<\/td>\n<\/tr>\n<tr class=\"row-25 odd\">\n\t<td class=\"column-2\">3  i vi\u0161e kom<\/td><td class=\"column-3\">Cijena jedne bo\u010dice: 35,99<\/td><td class=\"column-4\">200g\/260g<\/td>\n<\/tr>\n<tr class=\"row-26 even\">\n\t<td rowspan=\"2\" class=\"column-1\">Klorela Yaeyama 100 tableta<\/td><td class=\"column-2\">1 kom<\/td><td class=\"column-3\">Cijena jedne bo\u010dice: 15,99<\/td><td class=\"column-4\">50g\/180g<\/td>\n<\/tr>\n<tr class=\"row-27 odd\">\n\t<td class=\"column-2\">3  i vi\u0161e kom<\/td><td class=\"column-3\">Cijena jedne bo\u010dice: 14,49<\/td><td class=\"column-4\">50g\/180g<\/td>\n<\/tr>\n<tr class=\"row-28 even\">\n\t<td rowspan=\"2\" class=\"column-1\">Klorela Yaeyama 200 tableta<\/td><td class=\"column-2\">1 kom<br \/>\n<\/td><td class=\"column-3\">Cijena jedne bo\u010dice: 25,99<\/td><td class=\"column-4\">100g\/140g<\/td>\n<\/tr>\n<tr class=\"row-29 odd\">\n\t<td class=\"column-2\">3  i vi\u0161e kom<\/td><td class=\"column-3\">Cijena jedne bo\u010dice: 23,99\t<\/td><td class=\"column-4\">100g\/140g<\/td>\n<\/tr>\n<tr class=\"row-30 even\">\n\t<td rowspan=\"2\" class=\"column-1\">Klorela Yaeyama 400 tableta<\/td><td class=\"column-2\">1 kom<\/td><td class=\"column-3\">Cijena jedne bo\u010dice: 38,99<\/td><td class=\"column-4\">200g\/260g<\/td>\n<\/tr>\n<tr class=\"row-31 odd\">\n\t<td class=\"column-2\">3  i vi\u0161e kom<\/td><td class=\"column-3\">Cijena jedne bo\u010dice: 35,99<\/td><td class=\"column-4\">200g\/260g<\/td>\n<\/tr>\n<tr class=\"row-32 even\">\n\t<td rowspan=\"2\" class=\"column-1\">Cardionam (Omega 3) 80 kapsula<\/td><td class=\"column-2\">1 kom<\/td><td class=\"column-3\">Cijena jedne bo\u010dice: 35,99<\/td><td class=\"column-4\">114,4g\/180g<\/td>\n<\/tr>\n<tr class=\"row-33 odd\">\n\t<td class=\"column-2\">3  i vi\u0161e kom<\/td><td class=\"column-3\">Cijena jedne bo\u010dice: 32,99<\/td><td class=\"column-4\">114,4g\/180g<\/td>\n<\/tr>\n<tr class=\"row-34 even\">\n\t<td class=\"column-1\">Knjiga \u00bbPrijateljem najbolj\u0161e!\u00ab<br \/>\n(na slovenskom)\t<\/td><td class=\"column-2\">1 kom<\/td><td class=\"column-3\">10,00<\/td><td class=\"column-4\">100g<\/td>\n<\/tr>\n<tr class=\"row-35 odd\">\n\t<td class=\"column-1\">Knjiga \u00bb\u017dive vode\u00ab(na slovenskom)\t<\/td><td class=\"column-2\">1 kom<\/td><td class=\"column-3\">19,90<\/td><td class=\"column-4\">350g<\/td>\n<\/tr>\n<tr class=\"row-36 even\">\n\t<td class=\"column-1\">Knjiga \u00bbHuj\u0161anje s prehranskimi dopolnili OKA\u00ab<br \/>\n(na slovenskom)<\/td><td class=\"column-2\">1 kom<\/td><td class=\"column-3\">10,00<\/td><td class=\"column-4\">350g<\/td>\n<\/tr>\n<tr class=\"row-37 odd\">\n\t<td class=\"column-1\">Knjiga \u00bbAdijo, Alzheimer\u00ab (na<br \/>\nslovenskom)<\/td><td class=\"column-2\">1 kom<\/td><td class=\"column-3\">28,40<\/td><td class=\"column-4\">200g<br \/>\n<\/td>\n<\/tr>\n<\/tbody>\n<\/table>\n\n<\/div><!-- #tablepress-4 from cache -->\n<a rel=\"noopener noreferrer\" href=\"https:\/\/www.institut-o.com\/wp-content\/uploads\/2026\/02\/Cenik-celotnega-asortimana-za-tiskano-obliko-z-DDV-od-1.3.2026-1.pdf\" target=\"_blank\" class=\"button primary\"  >\n    <span>Preuzmi cjenik<\/span>\n  <i class=\"icon-angle-down\" aria-hidden=\"true\" ><\/i><\/a>\n\n\t\t<\/div>\n\t\t\t\t\t<\/div>\n\n\t\n<\/div>\n\t\t<\/div>\n\n\t\t\n<style>\n#section_760323059 {\n  padding-top: 20px;\n  padding-bottom: 20px;\n  background-color: rgb(244, 244, 244);\n}\n#section_760323059 .ux-shape-divider--top svg {\n  height: 150px;\n  --divider-top-width: 100%;\n}\n#section_760323059 .ux-shape-divider--bottom svg {\n  height: 150px;\n  --divider-width: 100%;\n}\n<\/style>\n\t<\/section>\n\t\n\t<section class=\"section\" id=\"section_2123594494\">\n\t\t<div class=\"bg section-bg fill bg-fill bg-loaded bg-loaded\" >\n\n\t\t\t\n\t\t\t\n\t\t\t\n\n\t\t<\/div>\n\n\t\t\n\n\t\t<div class=\"section-content relative\">\n\t\t\t\n<div class=\"row\"  id=\"row-1871494649\">\n\n\t<div id=\"col-674677798\" class=\"col small-12 large-12\"  data-animate=\"fadeInUp\">\n\t\t\t\t<div class=\"col-inner\"  >\n\t\t\t\n\t\t\t\n<p style=\"text-align: center;\"><span style=\"font-size: 120%;\"><strong>Uz kupovinu u vrijednosti iznad 700 EUR obra\u010dunamo i dodatnih 5 % popusta na vrijednost robe.*<\/strong><\/span><\/p>\n<p style=\"text-align: center;\"><span style=\"font-size: 120%;\"><strong>Na\u010din pla\u0107anja:<\/strong> po pouze\u0107u, po predra\u010dunu ili putem PayPal sistema. Ako pla\u0107ate po predra\u010dunu na TRR, pozovite se na broj ra\u010duna.<\/span><\/p>\n<p style=\"text-align: center;\">*Dodatni popust ne obra\u010dunava se uz kupovinu paketa od 12 kom ili vi\u0161e za proizvod MAP ili paketa od 24 kom ili vi\u0161e za proizvod MegaHydrate.<\/p>\n\t\t<\/div>\n\t\t\t\t\t<\/div>\n\n\t\n\n\t<div id=\"col-819429735\" class=\"col small-12 large-12\"  data-animate=\"fadeInUp\">\n\t\t\t\t<div class=\"col-inner\"  >\n\t\t\t\n\t\t\t\n<h2>Slanje i tro\u0161kovi dostave<\/h2>\n<div id=\"tablepress-10-scroll-wrapper\" class=\"tablepress-scroll-wrapper\">\n\n<table id=\"tablepress-10\" class=\"tablepress tablepress-id-10 tablepress-responsive\">\n<thead>\n<tr class=\"row-1 odd\">\n\t<th class=\"column-1\">Te\u017eina naru\u010dene robe<\/th><th class=\"column-2\">NRUD\u017dBA S OTKUPOM<br \/>\n(PLA\u010cANJE PO POUZE\u010cU)<br><br \/>\nPo\u0161tarina (u EUR) <\/th><th class=\"column-3\">NARUD\u017dBA S PREDRA\u010cUNOM<br \/>\n(UPLATA NA TRKU\u0106I RA\u010cUN)<br><br \/>\nPo\u0161tarina (u EUR)<\/th>\n<\/tr>\n<\/thead>\n<tbody class=\"row-hover\">\n<tr class=\"row-2 even\">\n\t<td class=\"column-1\">Do 2 kg<\/td><td class=\"column-2\">5,30<\/td><td class=\"column-3\">4,00<br \/>\n<br \/>\n<\/td>\n<\/tr>\n<tr class=\"row-3 odd\">\n\t<td class=\"column-1\">Do 5 kg<\/td><td class=\"column-2\">6,00<\/td><td class=\"column-3\">4,70<\/td>\n<\/tr>\n<tr class=\"row-4 even\">\n\t<td class=\"column-1\">Do 10 kg<\/td><td class=\"column-2\">6,00<\/td><td class=\"column-3\">4,70<br \/>\n<\/td>\n<\/tr>\n<tr class=\"row-5 odd\">\n\t<td class=\"column-1\">Do 15 kg<\/td><td class=\"column-2\">6,70 <\/td><td class=\"column-3\">5,40<br \/>\n<\/td>\n<\/tr>\n<tr class=\"row-6 even\">\n\t<td class=\"column-1\">Do 20 kg<\/td><td class=\"column-2\">6,70 <\/td><td class=\"column-3\">5,40<br \/>\n<br \/>\n<\/td>\n<\/tr>\n<tr class=\"row-7 odd\">\n\t<td class=\"column-1\">Do 30 kg<\/td><td class=\"column-2\">7,30<\/td><td class=\"column-3\">6,00<br \/>\n<\/td>\n<\/tr>\n<tr class=\"row-8 even\">\n\t<td class=\"column-1\">Do 40 kg<\/td><td class=\"column-2\">7,30<\/td><td class=\"column-3\">6,00<br \/>\n<\/td>\n<\/tr>\n<\/tbody>\n<\/table>\n\n<\/div><!-- #tablepress-10 from cache -->\n<p>Sve cijene uklju\u010duju PDV. Ako otkup prema\u0161uje vrijednost od 250 EUR, cijena za otkup je vi\u0161a, 4,15 EUR. Ta cijena vrijedi za sve pakete u vrijednosti izme\u0111u 250 EUR i 500 EUR. Za pakete u vrijednosti iznad 500 EUR cijena usluge ubiranja otkupa jednaka je 1,2 % vrijednosti otkupa. Robu dostavlja poduze\u0107e GLS, koje s poduze\u0107em Institut.O ima potpisan ugovor o obavljanju logisti\u010dkih usluga.<\/p>\n<p>Sve \u0107e po\u0161iljke biti otpremljene u roku 1-3 dana od primljene narud\u017ebe (ako pla\u0107ate po pouze\u0107u), odnosno u roku 1-3 dana nakon primljene isplate (za pla\u0107anje unaprijed).<\/p>\n\t\t<\/div>\n\t\t\t\t\t<\/div>\n\n\t\n<\/div>\n\t\t<\/div>\n\n\t\t\n<style>\n#section_2123594494 {\n  padding-top: 30px;\n  padding-bottom: 30px;\n}\n#section_2123594494 .ux-shape-divider--top svg {\n  height: 150px;\n  --divider-top-width: 100%;\n}\n#section_2123594494 .ux-shape-divider--bottom svg {\n  height: 150px;\n  --divider-width: 100%;\n}\n<\/style>\n\t<\/section>\n\t\n","protected":false},"excerpt":{"rendered":"","protected":false},"author":1,"featured_media":0,"parent":0,"menu_order":0,"comment_status":"closed","ping_status":"closed","template":"page-blank.php","meta":[],"yoast_head":"<!-- This site is optimized with the Yoast SEO plugin v20.3 - https:\/\/yoast.com\/wordpress\/plugins\/seo\/ -->\n<title>Institut.O - Cjenik<\/title>\n<meta name=\"robots\" content=\"index, follow, max-snippet:-1, max-image-preview:large, max-video-preview:-1\" \/>\n<link rel=\"canonical\" href=\"https:\/\/www.institut-o.com\/hr\/cjenik\/\" \/>\n<meta property=\"og:locale\" content=\"hr_HR\" \/>\n<meta property=\"og:type\" content=\"article\" \/>\n<meta property=\"og:title\" content=\"Institut.O - Cjenik\" \/>\n<meta property=\"og:url\" content=\"https:\/\/www.institut-o.com\/hr\/cjenik\/\" \/>\n<meta property=\"og:site_name\" content=\"Institut.O\" \/>\n<meta property=\"article:publisher\" content=\"https:\/\/www.facebook.com\/Institut.O.Slovenija\/\" \/>\n<meta property=\"article:modified_time\" content=\"2026-02-28T23:50:14+00:00\" \/>\n<meta property=\"og:image\" content=\"https:\/\/www.institut-o.com\/wp-content\/uploads\/2020\/01\/logo.gif\" \/>\n\t<meta property=\"og:image:width\" content=\"226\" \/>\n\t<meta property=\"og:image:height\" content=\"65\" \/>\n\t<meta property=\"og:image:type\" content=\"image\/gif\" \/>\n<meta name=\"twitter:card\" content=\"summary_large_image\" \/>\n<meta name=\"twitter:label1\" content=\"Procijenjeno vrijeme \u010ditanja\" \/>\n\t<meta name=\"twitter:data1\" content=\"1 minuta\" \/>\n<script type=\"application\/ld+json\" class=\"yoast-schema-graph\">{\"@context\":\"https:\/\/schema.org\",\"@graph\":[{\"@type\":\"WebPage\",\"@id\":\"https:\/\/www.institut-o.com\/hr\/cjenik\/\",\"url\":\"https:\/\/www.institut-o.com\/hr\/cjenik\/\",\"name\":\"Institut.O - Cjenik\",\"isPartOf\":{\"@id\":\"https:\/\/www.institut-o.com\/#website\"},\"datePublished\":\"2020-03-18T19:12:06+00:00\",\"dateModified\":\"2026-02-28T23:50:14+00:00\",\"breadcrumb\":{\"@id\":\"https:\/\/www.institut-o.com\/hr\/cjenik\/#breadcrumb\"},\"inLanguage\":\"hr\",\"potentialAction\":[{\"@type\":\"ReadAction\",\"target\":[\"https:\/\/www.institut-o.com\/hr\/cjenik\/\"]}]},{\"@type\":\"BreadcrumbList\",\"@id\":\"https:\/\/www.institut-o.com\/hr\/cjenik\/#breadcrumb\",\"itemListElement\":[{\"@type\":\"ListItem\",\"position\":1,\"name\":\"Home\",\"item\":\"https:\/\/www.institut-o.com\/hr\/\"},{\"@type\":\"ListItem\",\"position\":2,\"name\":\"Cjenik\"}]},{\"@type\":\"WebSite\",\"@id\":\"https:\/\/www.institut-o.com\/#website\",\"url\":\"https:\/\/www.institut-o.com\/\",\"name\":\"Institut.O\",\"description\":\"Institut.O - prehranski dodatki in znanje s podro\u010dja krepitve \u017eivljenjske mo\u010di. Posebnost Instituta.O je, da ponuja samo izdelke in storitve, katerih kakovost je strokovno preverjena\",\"publisher\":{\"@id\":\"https:\/\/www.institut-o.com\/#organization\"},\"potentialAction\":[{\"@type\":\"SearchAction\",\"target\":{\"@type\":\"EntryPoint\",\"urlTemplate\":\"https:\/\/www.institut-o.com\/?s={search_term_string}\"},\"query-input\":\"required name=search_term_string\"}],\"inLanguage\":\"hr\"},{\"@type\":\"Organization\",\"@id\":\"https:\/\/www.institut-o.com\/#organization\",\"name\":\"Institut.O d.o.o.\",\"url\":\"https:\/\/www.institut-o.com\/\",\"logo\":{\"@type\":\"ImageObject\",\"inLanguage\":\"hr\",\"@id\":\"https:\/\/www.institut-o.com\/#\/schema\/logo\/image\/\",\"url\":\"https:\/\/www.institut-o.com\/wp-content\/uploads\/2020\/01\/logo.gif\",\"contentUrl\":\"https:\/\/www.institut-o.com\/wp-content\/uploads\/2020\/01\/logo.gif\",\"width\":226,\"height\":65,\"caption\":\"Institut.O d.o.o.\"},\"image\":{\"@id\":\"https:\/\/www.institut-o.com\/#\/schema\/logo\/image\/\"},\"sameAs\":[\"https:\/\/www.facebook.com\/Institut.O.Slovenija\/\",\"https:\/\/www.instagram.com\/institut.o\/\"]}]}<\/script>\n<!-- \/ Yoast SEO plugin. -->","yoast_head_json":{"title":"Institut.O - Cjenik","robots":{"index":"index","follow":"follow","max-snippet":"max-snippet:-1","max-image-preview":"max-image-preview:large","max-video-preview":"max-video-preview:-1"},"canonical":"https:\/\/www.institut-o.com\/hr\/cjenik\/","og_locale":"hr_HR","og_type":"article","og_title":"Institut.O - Cjenik","og_url":"https:\/\/www.institut-o.com\/hr\/cjenik\/","og_site_name":"Institut.O","article_publisher":"https:\/\/www.facebook.com\/Institut.O.Slovenija\/","article_modified_time":"2026-02-28T23:50:14+00:00","og_image":[{"width":226,"height":65,"url":"https:\/\/www.institut-o.com\/wp-content\/uploads\/2020\/01\/logo.gif","type":"image\/gif"}],"twitter_card":"summary_large_image","twitter_misc":{"Procijenjeno vrijeme \u010ditanja":"1 minuta"},"schema":{"@context":"https:\/\/schema.org","@graph":[{"@type":"WebPage","@id":"https:\/\/www.institut-o.com\/hr\/cjenik\/","url":"https:\/\/www.institut-o.com\/hr\/cjenik\/","name":"Institut.O - Cjenik","isPartOf":{"@id":"https:\/\/www.institut-o.com\/#website"},"datePublished":"2020-03-18T19:12:06+00:00","dateModified":"2026-02-28T23:50:14+00:00","breadcrumb":{"@id":"https:\/\/www.institut-o.com\/hr\/cjenik\/#breadcrumb"},"inLanguage":"hr","potentialAction":[{"@type":"ReadAction","target":["https:\/\/www.institut-o.com\/hr\/cjenik\/"]}]},{"@type":"BreadcrumbList","@id":"https:\/\/www.institut-o.com\/hr\/cjenik\/#breadcrumb","itemListElement":[{"@type":"ListItem","position":1,"name":"Home","item":"https:\/\/www.institut-o.com\/hr\/"},{"@type":"ListItem","position":2,"name":"Cjenik"}]},{"@type":"WebSite","@id":"https:\/\/www.institut-o.com\/#website","url":"https:\/\/www.institut-o.com\/","name":"Institut.O","description":"Institut.O - prehranski dodatki in znanje s podro\u010dja krepitve \u017eivljenjske mo\u010di. Posebnost Instituta.O je, da ponuja samo izdelke in storitve, katerih kakovost je strokovno preverjena","publisher":{"@id":"https:\/\/www.institut-o.com\/#organization"},"potentialAction":[{"@type":"SearchAction","target":{"@type":"EntryPoint","urlTemplate":"https:\/\/www.institut-o.com\/?s={search_term_string}"},"query-input":"required name=search_term_string"}],"inLanguage":"hr"},{"@type":"Organization","@id":"https:\/\/www.institut-o.com\/#organization","name":"Institut.O d.o.o.","url":"https:\/\/www.institut-o.com\/","logo":{"@type":"ImageObject","inLanguage":"hr","@id":"https:\/\/www.institut-o.com\/#\/schema\/logo\/image\/","url":"https:\/\/www.institut-o.com\/wp-content\/uploads\/2020\/01\/logo.gif","contentUrl":"https:\/\/www.institut-o.com\/wp-content\/uploads\/2020\/01\/logo.gif","width":226,"height":65,"caption":"Institut.O d.o.o."},"image":{"@id":"https:\/\/www.institut-o.com\/#\/schema\/logo\/image\/"},"sameAs":["https:\/\/www.facebook.com\/Institut.O.Slovenija\/","https:\/\/www.instagram.com\/institut.o\/"]}]}},"_links":{"self":[{"href":"https:\/\/www.institut-o.com\/hr\/wp-json\/wp\/v2\/pages\/1598"}],"collection":[{"href":"https:\/\/www.institut-o.com\/hr\/wp-json\/wp\/v2\/pages"}],"about":[{"href":"https:\/\/www.institut-o.com\/hr\/wp-json\/wp\/v2\/types\/page"}],"author":[{"embeddable":true,"href":"https:\/\/www.institut-o.com\/hr\/wp-json\/wp\/v2\/users\/1"}],"replies":[{"embeddable":true,"href":"https:\/\/www.institut-o.com\/hr\/wp-json\/wp\/v2\/comments?post=1598"}],"version-history":[{"count":53,"href":"https:\/\/www.institut-o.com\/hr\/wp-json\/wp\/v2\/pages\/1598\/revisions"}],"predecessor-version":[{"id":9385,"href":"https:\/\/www.institut-o.com\/hr\/wp-json\/wp\/v2\/pages\/1598\/revisions\/9385"}],"wp:attachment":[{"href":"https:\/\/www.institut-o.com\/hr\/wp-json\/wp\/v2\/media?parent=1598"}],"curies":[{"name":"wp","href":"https:\/\/api.w.org\/{rel}","templated":true}]}}